{"id":15,"date":"2018-09-21T14:11:12","date_gmt":"2018-09-21T12:11:12","guid":{"rendered":"https:\/\/new.ru-zurich.ch\/?page_id=15"},"modified":"2025-09-24T01:52:39","modified_gmt":"2025-09-23T23:52:39","slug":"rugby-union-zurich","status":"publish","type":"page","link":"https:\/\/www.ru-zurich.ch\/de\/","title":{"rendered":"Rugby Union Zurich"},"content":{"rendered":"<div id=\"fb-root\"><\/div>\n\n<p>Die Rugby Union Zurich ist ein ambitionierter Rugbyclub aus der Stadt Z\u00fcrich. Im Jahr 2024 konnten wir unser 15-j\u00e4hriges Bestehen feiern &#8211; seit unserer Gr\u00fcndung sind wir bereits zwei Mal aufgestiegen und spielen heute in der Nationalliga B des <a href=\"http:\/\/www.suisserugby.com\" target=\"_blank\" rel=\"noopener noreferrer\">Schweizerischen Rugby-Verbands<\/a>.<\/p>\n\n\n\n<p>Wir <a href=\"https:\/\/www.ru-zurich.ch\/de\/training\/\" data-type=\"page\" data-id=\"296\">trainieren<\/a> von Fr\u00fchling bis Herbst auf der Allmend Brunau und im Winter \u00fcber die Stadt Z\u00fcrich verteilt. Unsere <a href=\"https:\/\/www.ru-zurich.ch\/de\/verein\/heimspiele\/\" data-type=\"page\" data-id=\"578\">Heimspiele<\/a> tragen wir auf der Allmend Brunau aus. In unseren Trainings ist jeder herzlich willkommen &#8211; <a href=\"https:\/\/www.ru-zurich.ch\/de\/mach-mit\/\" data-type=\"page\" data-id=\"300\">mach einfach mit<\/a>!<\/p>\n\n\n\n<p><a class=\"more\" href=\"https:\/\/www.ru-zurich.ch\/de\/verein\/\">Mehr \u00fcber uns erfahren<\/a><\/p>\n\n\n\n<p><\/p>\n","protected":false},"excerpt":{"rendered":"<p>Die Rugby Union Zurich ist ein ambitionierter Rugbyclub aus der Stadt Z\u00fcrich. Im Jahr 2024 konnten wir unser 15-j\u00e4hriges Bestehen feiern &#8211; seit unserer Gr\u00fcndung sind wir bereits zwei Mal aufgestiegen und spielen heute in der Nationalliga B des Schweizerischen Rugby-Verbands. Wir trainieren von Fr\u00fchling bis Herbst auf der Allmend Brunau und im Winter \u00fcber [&hellip;]<\/p>\n","protected":false},"author":1,"featured_media":0,"parent":0,"menu_order":0,"comment_status":"closed","ping_status":"closed","template":"tpl_homepage.php","meta":{"_acf_changed":false,"inline_featured_image":false,"footnotes":""},"class_list":["post-15","page","type-page","status-publish","hentry"],"acf":[],"_links":{"self":[{"href":"https:\/\/www.ru-zurich.ch\/de\/wp-json\/wp\/v2\/pages\/15","targetHints":{"allow":["GET"]}}],"collection":[{"href":"https:\/\/www.ru-zurich.ch\/de\/wp-json\/wp\/v2\/pages"}],"about":[{"href":"https:\/\/www.ru-zurich.ch\/de\/wp-json\/wp\/v2\/types\/page"}],"author":[{"embeddable":true,"href":"https:\/\/www.ru-zurich.ch\/de\/wp-json\/wp\/v2\/users\/1"}],"replies":[{"embeddable":true,"href":"https:\/\/www.ru-zurich.ch\/de\/wp-json\/wp\/v2\/comments?post=15"}],"version-history":[{"count":64,"href":"https:\/\/www.ru-zurich.ch\/de\/wp-json\/wp\/v2\/pages\/15\/revisions"}],"predecessor-version":[{"id":410265,"href":"https:\/\/www.ru-zurich.ch\/de\/wp-json\/wp\/v2\/pages\/15\/revisions\/410265"}],"wp:attachment":[{"href":"https:\/\/www.ru-zurich.ch\/de\/wp-json\/wp\/v2\/media?parent=15"}],"curies":[{"name":"wp","href":"https:\/\/api.w.org\/{rel}","templated":true}]}}