{"id":2,"date":"2018-09-21T13:35:26","date_gmt":"2018-09-21T11:35:26","guid":{"rendered":"https:\/\/new.ru-zurich.ch\/?page_id=2"},"modified":"2025-09-24T01:55:40","modified_gmt":"2025-09-23T23:55:40","slug":"verein","status":"publish","type":"page","link":"https:\/\/www.ru-zurich.ch\/de\/verein\/","title":{"rendered":"Verein"},"content":{"rendered":"<div id=\"fb-root\"><\/div>\n\n<h2 class=\"wp-block-heading blue\">\u00dcber die Rugby Union Zurich<\/h2>\n\n\n\n<div class=\"wp-block-media-text alignwide is-stacked-on-mobile\" style=\"grid-template-columns:26% auto\"><figure class=\"wp-block-media-text__media\"><img decoding=\"async\" width=\"100\" height=\"100\" src=\"https:\/\/www.ru-zurich.ch\/wp-content\/uploads\/\/RUZ_Logo.svg\" alt=\"\" class=\"wp-image-1301 size-full\"\/><\/figure><div class=\"wp-block-media-text__content\">\n<p>Die Rugby Union Zurich bietet seit 2009 allen Rugby-Interessierten aus der Stadt Z\u00fcrich und Region die M\u00f6glichkeit, um Rugby zu spielen. Wir verstehen uns als offenen Verein, wo Neulinge auf erfahrene Spieler und geb\u00fcrtige Stadtz\u00fcrcher auf Neuzuz\u00fcger und Expats treffen.<\/p>\n\n\n\n<p>Nach drei Saisons in der 1. Liga Ost gelang uns in der Saison 2012\/2013 der Aufstieg in die Nationalliga C und zwei Saisons sp\u00e4ter im Jahr 2015 ein weiterer Aufstieg in die Nationalliga B, wo wir uns seither etabliert haben. L\u00e4ngerfristig sind eine zweite Mannschaft sowie eigene Junioren geplant, um noch mehr Personen unsere geliebte Sportart Rugby n\u00e4her zu bringen.<\/p>\n<\/div><\/div>\n\n\n\n<h3 class=\"wp-block-heading after-left blue\">Team<\/h3>\n\n\n\n<p>Die erste Mannschaft besteht momentan aus \u00fcber 70 Spielern von 18 bis 45 Jahre, von 65 bis 130kg, welche haupts\u00e4chlich aus der Stadt Z\u00fcrich stammen. Wir freuen uns immer \u00fcber neue Mitspieler &#8211; <a href=\"https:\/\/www.ru-zurich.ch\/de\/mach-mit\/\">also komm einfach vorbei<\/a>!<\/p>\n\n\n\n<figure class=\"wp-block-image size-large\"><a href=\"https:\/\/www.ru-zurich.ch\/wp-content\/uploads\/2019\/10\/DSC06988.jpg\"><img decoding=\"async\" width=\"1024\" height=\"341\" src=\"https:\/\/www.ru-zurich.ch\/wp-content\/uploads\/2019\/10\/DSC06988-1024x341.jpg\" alt=\"Team der Rugby Union Zurich\" class=\"wp-image-675\" srcset=\"https:\/\/www.ru-zurich.ch\/wp-content\/uploads\/2019\/10\/DSC06988-1024x341.jpg 1024w, https:\/\/www.ru-zurich.ch\/wp-content\/uploads\/2019\/10\/DSC06988-300x100.jpg 300w, https:\/\/www.ru-zurich.ch\/wp-content\/uploads\/2019\/10\/DSC06988-768x256.jpg 768w, https:\/\/www.ru-zurich.ch\/wp-content\/uploads\/2019\/10\/DSC06988-1536x512.jpg 1536w, https:\/\/www.ru-zurich.ch\/wp-content\/uploads\/2019\/10\/DSC06988-1340x447.jpg 1340w, https:\/\/www.ru-zurich.ch\/wp-content\/uploads\/2019\/10\/DSC06988-980x327.jpg 980w, https:\/\/www.ru-zurich.ch\/wp-content\/uploads\/2019\/10\/DSC06988.jpg 1920w\" sizes=\"(max-width: 1024px) 100vw, 1024px\" \/><\/a><figcaption class=\"wp-element-caption\">Mannschaftsfoto der Rugby Union Zurich im Oktober 2018 im Stadion Utogrund in Z\u00fcrich<\/figcaption><\/figure>\n\n\n\n<p>Alle Informationen zu unseren Trainings findest du <a href=\"https:\/\/www.ru-zurich.ch\/de\/training\/\" data-type=\"page\" data-id=\"296\">hier<\/a>. Der Spielplan und die Resultate der aktuellen Saison sind <a href=\"https:\/\/www.ru-zurich.ch\/de\/saison\/\">hier<\/a> zu finden.<\/p>\n\n\n\n<h3 class=\"wp-block-heading after-left blue\">Neben dem Platz<\/h3>\n\n\n\n<p>Neben den sportlichen Aktivit\u00e4ten organisiert die Rugby Union Zurich auch \u00fcber das ganze Jahr verteilt Anl\u00e4ssen neben dem Platz wie das RUZ Sommerfest, Trips an internationale Rugby-Spiele, unser Weihnachtsessen, das RUZ Pub Golf-Turnier und viele weitere kleinere Events. Die RUZ ist also der ideale Ort, um sich nicht nur sportlich auszuleben sondern auch um Freunde f\u00fcrs Leben zu finden!<\/p>\n\n\n\n<figure class=\"wp-block-gallery has-nested-images columns-0 is-cropped wp-block-gallery-1 is-layout-flex wp-block-gallery-is-layout-flex\">\n<figure class=\"wp-block-image size-large\"><a href=\"https:\/\/www.ru-zurich.ch\/wp-content\/uploads\/social1.jpg\"><img decoding=\"async\" width=\"1024\" height=\"397\" data-id=\"1879\" src=\"https:\/\/www.ru-zurich.ch\/wp-content\/uploads\/\/social1-1024x397.jpg\" alt=\"\" class=\"wp-image-1879\" srcset=\"https:\/\/www.ru-zurich.ch\/wp-content\/uploads\/social1-1024x397.jpg 1024w, https:\/\/www.ru-zurich.ch\/wp-content\/uploads\/social1-300x116.jpg 300w, https:\/\/www.ru-zurich.ch\/wp-content\/uploads\/social1-768x298.jpg 768w, https:\/\/www.ru-zurich.ch\/wp-content\/uploads\/social1-1536x596.jpg 1536w, https:\/\/www.ru-zurich.ch\/wp-content\/uploads\/social1-1340x520.jpg 1340w, https:\/\/www.ru-zurich.ch\/wp-content\/uploads\/social1-980x380.jpg 980w, https:\/\/www.ru-zurich.ch\/wp-content\/uploads\/social1.jpg 1920w\" sizes=\"(max-width: 1024px) 100vw, 1024px\" \/><\/a><\/figure>\n\n\n\n<figure class=\"wp-block-image size-large\"><a href=\"https:\/\/www.ru-zurich.ch\/wp-content\/uploads\/social2.jpg\"><img decoding=\"async\" width=\"1024\" height=\"397\" data-id=\"1887\" src=\"https:\/\/www.ru-zurich.ch\/wp-content\/uploads\/\/social2-1024x397.jpg\" alt=\"\" class=\"wp-image-1887\" srcset=\"https:\/\/www.ru-zurich.ch\/wp-content\/uploads\/social2-1024x397.jpg 1024w, https:\/\/www.ru-zurich.ch\/wp-content\/uploads\/social2-300x116.jpg 300w, https:\/\/www.ru-zurich.ch\/wp-content\/uploads\/social2-768x298.jpg 768w, https:\/\/www.ru-zurich.ch\/wp-content\/uploads\/social2-1536x596.jpg 1536w, https:\/\/www.ru-zurich.ch\/wp-content\/uploads\/social2-1340x520.jpg 1340w, https:\/\/www.ru-zurich.ch\/wp-content\/uploads\/social2-980x380.jpg 980w, https:\/\/www.ru-zurich.ch\/wp-content\/uploads\/social2.jpg 1600w\" sizes=\"(max-width: 1024px) 100vw, 1024px\" \/><\/a><\/figure>\n\n\n\n<figure class=\"wp-block-image size-large\"><a href=\"https:\/\/www.ru-zurich.ch\/wp-content\/uploads\/social3.jpg\"><img decoding=\"async\" width=\"1024\" height=\"397\" data-id=\"1893\" src=\"https:\/\/www.ru-zurich.ch\/wp-content\/uploads\/\/social3-1024x397.jpg\" alt=\"\" class=\"wp-image-1893\" srcset=\"https:\/\/www.ru-zurich.ch\/wp-content\/uploads\/social3-1024x397.jpg 1024w, https:\/\/www.ru-zurich.ch\/wp-content\/uploads\/social3-300x116.jpg 300w, https:\/\/www.ru-zurich.ch\/wp-content\/uploads\/social3-768x298.jpg 768w, https:\/\/www.ru-zurich.ch\/wp-content\/uploads\/social3-1340x520.jpg 1340w, https:\/\/www.ru-zurich.ch\/wp-content\/uploads\/social3-980x380.jpg 980w, https:\/\/www.ru-zurich.ch\/wp-content\/uploads\/social3.jpg 1457w\" sizes=\"(max-width: 1024px) 100vw, 1024px\" \/><\/a><\/figure>\n\n\n\n<figure class=\"wp-block-image size-large\"><a href=\"https:\/\/www.ru-zurich.ch\/wp-content\/uploads\/social4.jpg\"><img decoding=\"async\" width=\"1024\" height=\"403\" data-id=\"1897\" src=\"https:\/\/www.ru-zurich.ch\/wp-content\/uploads\/\/social4-1024x403.jpg\" alt=\"\" class=\"wp-image-1897\" srcset=\"https:\/\/www.ru-zurich.ch\/wp-content\/uploads\/social4-1024x403.jpg 1024w, https:\/\/www.ru-zurich.ch\/wp-content\/uploads\/social4-300x118.jpg 300w, https:\/\/www.ru-zurich.ch\/wp-content\/uploads\/social4-768x302.jpg 768w, https:\/\/www.ru-zurich.ch\/wp-content\/uploads\/social4-1536x604.jpg 1536w, https:\/\/www.ru-zurich.ch\/wp-content\/uploads\/social4-1340x527.jpg 1340w, https:\/\/www.ru-zurich.ch\/wp-content\/uploads\/social4-980x385.jpg 980w, https:\/\/www.ru-zurich.ch\/wp-content\/uploads\/social4.jpg 1920w\" sizes=\"(max-width: 1024px) 100vw, 1024px\" \/><\/a><\/figure>\n\n\n\n<figure class=\"wp-block-image size-large\"><a href=\"https:\/\/www.ru-zurich.ch\/wp-content\/uploads\/social5.jpg\"><img decoding=\"async\" width=\"1024\" height=\"397\" data-id=\"1905\" src=\"https:\/\/www.ru-zurich.ch\/wp-content\/uploads\/\/social5-1024x397.jpg\" alt=\"\" class=\"wp-image-1905\" srcset=\"https:\/\/www.ru-zurich.ch\/wp-content\/uploads\/social5-1024x397.jpg 1024w, https:\/\/www.ru-zurich.ch\/wp-content\/uploads\/social5-300x116.jpg 300w, https:\/\/www.ru-zurich.ch\/wp-content\/uploads\/social5-768x298.jpg 768w, https:\/\/www.ru-zurich.ch\/wp-content\/uploads\/social5-1536x596.jpg 1536w, https:\/\/www.ru-zurich.ch\/wp-content\/uploads\/social5-1340x520.jpg 1340w, https:\/\/www.ru-zurich.ch\/wp-content\/uploads\/social5-980x380.jpg 980w, https:\/\/www.ru-zurich.ch\/wp-content\/uploads\/social5.jpg 1920w\" sizes=\"(max-width: 1024px) 100vw, 1024px\" \/><\/a><\/figure>\n\n\n\n<figure class=\"wp-block-image size-large\"><a href=\"https:\/\/www.ru-zurich.ch\/wp-content\/uploads\/social6.jpg\"><img decoding=\"async\" width=\"768\" height=\"298\" data-id=\"1913\" src=\"https:\/\/www.ru-zurich.ch\/wp-content\/uploads\/social6.jpg\" alt=\"\" class=\"wp-image-1913\" srcset=\"https:\/\/www.ru-zurich.ch\/wp-content\/uploads\/social6.jpg 768w, https:\/\/www.ru-zurich.ch\/wp-content\/uploads\/social6-300x116.jpg 300w\" sizes=\"(max-width: 768px) 100vw, 768px\" \/><\/a><\/figure>\n\n\n\n<figure class=\"wp-block-image size-large\"><a href=\"https:\/\/www.ru-zurich.ch\/wp-content\/uploads\/social8.jpg\"><img decoding=\"async\" width=\"1024\" height=\"397\" data-id=\"1917\" src=\"https:\/\/www.ru-zurich.ch\/wp-content\/uploads\/\/social8-1024x397.jpg\" alt=\"\" class=\"wp-image-1917\" srcset=\"https:\/\/www.ru-zurich.ch\/wp-content\/uploads\/social8-1024x397.jpg 1024w, https:\/\/www.ru-zurich.ch\/wp-content\/uploads\/social8-300x116.jpg 300w, https:\/\/www.ru-zurich.ch\/wp-content\/uploads\/social8-768x298.jpg 768w, https:\/\/www.ru-zurich.ch\/wp-content\/uploads\/social8-1536x596.jpg 1536w, https:\/\/www.ru-zurich.ch\/wp-content\/uploads\/social8-1340x520.jpg 1340w, https:\/\/www.ru-zurich.ch\/wp-content\/uploads\/social8-980x380.jpg 980w, https:\/\/www.ru-zurich.ch\/wp-content\/uploads\/social8.jpg 1598w\" sizes=\"(max-width: 1024px) 100vw, 1024px\" \/><\/a><\/figure>\n\n\n\n<figure class=\"wp-block-image size-large\"><a href=\"https:\/\/www.ru-zurich.ch\/wp-content\/uploads\/social9.jpg\"><img decoding=\"async\" width=\"960\" height=\"373\" data-id=\"1923\" src=\"https:\/\/www.ru-zurich.ch\/wp-content\/uploads\/social9.jpg\" alt=\"\" class=\"wp-image-1923\" srcset=\"https:\/\/www.ru-zurich.ch\/wp-content\/uploads\/social9.jpg 960w, https:\/\/www.ru-zurich.ch\/wp-content\/uploads\/social9-300x117.jpg 300w, https:\/\/www.ru-zurich.ch\/wp-content\/uploads\/social9-768x298.jpg 768w\" sizes=\"(max-width: 960px) 100vw, 960px\" \/><\/a><\/figure>\n<\/figure>\n\n\n\n<h4 class=\"wp-block-heading after-left blue\">Pub Golf<\/h4>\n\n\n\n<p>Pub Golf ist eine alte Tradition in der Rugby Union Zurich aus dem Jahre 2013. Da Pub Golf wie auch Rugby Gentlemen Sportarten sind, unterliegen sie einem Reglement welches hier eingesehen werden kann:<\/p>\n\n\n\n<div class=\"wp-block-file\"><a id=\"wp-block-file--media-ee21ad0b-bb26-4aac-a10c-0aa22b28ea71\" href=\"https:\/\/www.ru-zurich.ch\/wp-content\/uploads\/2020\/01\/ZurichOpenPubGolfRegeln.pdf\">Zurich Open Pub Golf-Regeln<\/a><a href=\"https:\/\/www.ru-zurich.ch\/wp-content\/uploads\/2020\/01\/ZurichOpenPubGolfRegeln.pdf\" class=\"wp-block-file__button wp-element-button\" download aria-describedby=\"wp-block-file--media-ee21ad0b-bb26-4aac-a10c-0aa22b28ea71\">Herunterladen<\/a><\/div>\n\n\n\n<figure class=\"wp-block-gallery has-nested-images columns-0 is-cropped wp-block-gallery-2 is-layout-flex wp-block-gallery-is-layout-flex\">\n<figure class=\"wp-block-image size-large\"><a href=\"https:\/\/www.ru-zurich.ch\/wp-content\/uploads\/pubgolf2.jpg\"><img decoding=\"async\" width=\"1024\" height=\"398\" data-id=\"1899\" src=\"https:\/\/www.ru-zurich.ch\/wp-content\/uploads\/\/pubgolf2-1024x398.jpg\" alt=\"\" class=\"wp-image-1899\" srcset=\"https:\/\/www.ru-zurich.ch\/wp-content\/uploads\/pubgolf2-1024x398.jpg 1024w, https:\/\/www.ru-zurich.ch\/wp-content\/uploads\/pubgolf2-300x117.jpg 300w, https:\/\/www.ru-zurich.ch\/wp-content\/uploads\/pubgolf2-768x298.jpg 768w, https:\/\/www.ru-zurich.ch\/wp-content\/uploads\/pubgolf2-1536x597.jpg 1536w, https:\/\/www.ru-zurich.ch\/wp-content\/uploads\/pubgolf2-1340x521.jpg 1340w, https:\/\/www.ru-zurich.ch\/wp-content\/uploads\/pubgolf2-980x381.jpg 980w, https:\/\/www.ru-zurich.ch\/wp-content\/uploads\/pubgolf2.jpg 1920w\" sizes=\"(max-width: 1024px) 100vw, 1024px\" \/><\/a><\/figure>\n\n\n\n<figure class=\"wp-block-image size-large\"><a href=\"https:\/\/www.ru-zurich.ch\/wp-content\/uploads\/pubgolf3-1.jpg\"><img decoding=\"async\" width=\"1024\" height=\"397\" data-id=\"1903\" src=\"https:\/\/www.ru-zurich.ch\/wp-content\/uploads\/\/pubgolf3-1-1024x397.jpg\" alt=\"\" class=\"wp-image-1903\" srcset=\"https:\/\/www.ru-zurich.ch\/wp-content\/uploads\/pubgolf3-1-1024x397.jpg 1024w, https:\/\/www.ru-zurich.ch\/wp-content\/uploads\/pubgolf3-1-300x116.jpg 300w, https:\/\/www.ru-zurich.ch\/wp-content\/uploads\/pubgolf3-1-768x298.jpg 768w, https:\/\/www.ru-zurich.ch\/wp-content\/uploads\/pubgolf3-1-1536x596.jpg 1536w, https:\/\/www.ru-zurich.ch\/wp-content\/uploads\/pubgolf3-1-1340x520.jpg 1340w, https:\/\/www.ru-zurich.ch\/wp-content\/uploads\/pubgolf3-1-980x380.jpg 980w, https:\/\/www.ru-zurich.ch\/wp-content\/uploads\/pubgolf3-1.jpg 1920w\" sizes=\"(max-width: 1024px) 100vw, 1024px\" \/><\/a><\/figure>\n\n\n\n<figure class=\"wp-block-image size-large\"><a href=\"https:\/\/www.ru-zurich.ch\/wp-content\/uploads\/pubgolf4.jpg\"><img decoding=\"async\" width=\"1024\" height=\"397\" data-id=\"1909\" src=\"https:\/\/www.ru-zurich.ch\/wp-content\/uploads\/\/pubgolf4-1024x397.jpg\" alt=\"\" class=\"wp-image-1909\" srcset=\"https:\/\/www.ru-zurich.ch\/wp-content\/uploads\/pubgolf4-1024x397.jpg 1024w, https:\/\/www.ru-zurich.ch\/wp-content\/uploads\/pubgolf4-300x116.jpg 300w, https:\/\/www.ru-zurich.ch\/wp-content\/uploads\/pubgolf4-768x298.jpg 768w, https:\/\/www.ru-zurich.ch\/wp-content\/uploads\/pubgolf4-1536x596.jpg 1536w, https:\/\/www.ru-zurich.ch\/wp-content\/uploads\/pubgolf4-1340x520.jpg 1340w, https:\/\/www.ru-zurich.ch\/wp-content\/uploads\/pubgolf4-980x380.jpg 980w, https:\/\/www.ru-zurich.ch\/wp-content\/uploads\/pubgolf4.jpg 1920w\" sizes=\"(max-width: 1024px) 100vw, 1024px\" \/><\/a><\/figure>\n\n\n\n<figure class=\"wp-block-image size-large\"><a href=\"https:\/\/www.ru-zurich.ch\/wp-content\/uploads\/pubgolf5.jpg\"><img decoding=\"async\" width=\"1024\" height=\"397\" data-id=\"1919\" src=\"https:\/\/www.ru-zurich.ch\/wp-content\/uploads\/\/pubgolf5-1024x397.jpg\" alt=\"\" class=\"wp-image-1919\" srcset=\"https:\/\/www.ru-zurich.ch\/wp-content\/uploads\/pubgolf5-1024x397.jpg 1024w, https:\/\/www.ru-zurich.ch\/wp-content\/uploads\/pubgolf5-300x116.jpg 300w, https:\/\/www.ru-zurich.ch\/wp-content\/uploads\/pubgolf5-768x298.jpg 768w, https:\/\/www.ru-zurich.ch\/wp-content\/uploads\/pubgolf5-1536x596.jpg 1536w, https:\/\/www.ru-zurich.ch\/wp-content\/uploads\/pubgolf5-1340x520.jpg 1340w, https:\/\/www.ru-zurich.ch\/wp-content\/uploads\/pubgolf5-980x380.jpg 980w, https:\/\/www.ru-zurich.ch\/wp-content\/uploads\/pubgolf5.jpg 1920w\" sizes=\"(max-width: 1024px) 100vw, 1024px\" \/><\/a><\/figure>\n<figcaption class=\"blocks-gallery-caption wp-element-caption\">Impression verschiedener Pub Golf-Turniere der Rugby Union Zurich<\/figcaption><\/figure>\n","protected":false},"excerpt":{"rendered":"<p>\u00dcber die Rugby Union Zurich Die Rugby Union Zurich bietet seit 2009 allen Rugby-Interessierten aus der Stadt Z\u00fcrich und Region die M\u00f6glichkeit, um Rugby zu spielen. Wir verstehen uns als offenen Verein, wo Neulinge auf erfahrene Spieler und geb\u00fcrtige Stadtz\u00fcrcher auf Neuzuz\u00fcger und Expats treffen. Nach drei Saisons in der 1. Liga Ost gelang uns [&hellip;]<\/p>\n","protected":false},"author":1,"featured_media":0,"parent":0,"menu_order":0,"comment_status":"closed","ping_status":"open","template":"","meta":{"_acf_changed":false,"inline_featured_image":false,"footnotes":""},"class_list":["post-2","page","type-page","status-publish","hentry"],"acf":[],"_links":{"self":[{"href":"https:\/\/www.ru-zurich.ch\/de\/wp-json\/wp\/v2\/pages\/2","targetHints":{"allow":["GET"]}}],"collection":[{"href":"https:\/\/www.ru-zurich.ch\/de\/wp-json\/wp\/v2\/pages"}],"about":[{"href":"https:\/\/www.ru-zurich.ch\/de\/wp-json\/wp\/v2\/types\/page"}],"author":[{"embeddable":true,"href":"https:\/\/www.ru-zurich.ch\/de\/wp-json\/wp\/v2\/users\/1"}],"replies":[{"embeddable":true,"href":"https:\/\/www.ru-zurich.ch\/de\/wp-json\/wp\/v2\/comments?post=2"}],"version-history":[{"count":21,"href":"https:\/\/www.ru-zurich.ch\/de\/wp-json\/wp\/v2\/pages\/2\/revisions"}],"predecessor-version":[{"id":410269,"href":"https:\/\/www.ru-zurich.ch\/de\/wp-json\/wp\/v2\/pages\/2\/revisions\/410269"}],"wp:attachment":[{"href":"https:\/\/www.ru-zurich.ch\/de\/wp-json\/wp\/v2\/media?parent=2"}],"curies":[{"name":"wp","href":"https:\/\/api.w.org\/{rel}","templated":true}]}}