{"id":395894,"date":"2021-09-13T14:11:31","date_gmt":"2021-09-13T12:11:31","guid":{"rendered":"https:\/\/www.ru-zurich.ch\/?page_id=395894"},"modified":"2021-11-01T18:07:09","modified_gmt":"2021-11-01T17:07:09","slug":"mitgliederbeitrag","status":"publish","type":"page","link":"https:\/\/www.ru-zurich.ch\/de\/mach-mit\/mitgliederbeitrag\/","title":{"rendered":"Mitgliederbeitrag"},"content":{"rendered":"<div id=\"fb-root\"><\/div>\n\n<h2 class=\"blue wp-block-heading\" id=\"mitgliederbeitrag\">Wie viel kostet die RUZ-Mitgliedschaft?<\/h2>\n\n\n\n<ul class=\"wp-block-list\"><li>F\u00fcr&nbsp;<strong>Neumitglieder<\/strong>&nbsp;gilt je nach Kategorie folgender&nbsp;<strong>Mitgliederbeitrag im ersten Jahr<\/strong>:<ul><li>CHF 300.- f\u00fcr regul\u00e4re Aktivmitglieder (CHF 175.- f\u00fcr ein halbes Jahr, Lizenz von CHF 50.- bleibt gleich)<ul><li><em>Die Lizenzgeb\u00fchr des Rugby-Verbands ist in deinem&nbsp;Mitgliederbeitrag&nbsp;inbegriffen.<\/em><\/li><\/ul><\/li><\/ul><ul><li>CHF 250.- f\u00fcr aktive Studenten und Lehrlinge (CHF 150.- f\u00fcr halbes Jahr)&nbsp;<ul><li><em>Die Lizenzgeb\u00fchr des Rugby-Verbands ist in deinem&nbsp;Mitgliederbeitrag&nbsp;inbegriffen.<\/em><\/li><\/ul><\/li><\/ul><ul><li>CHF 100.- f\u00fcr Passivmitglieder<br><\/li><\/ul><\/li><li><strong>Danach<\/strong>&nbsp;gilt je nach Kategorie folgender,&nbsp;<strong>durch Arbeitsstunden reduzierbare Grund-Mitgliederbeitrag pro Jahr<\/strong><ul><li>CHF 460.- f\u00fcr regul\u00e4re Aktivmitglieder&nbsp;<\/li><li>CHF 410.- f\u00fcr aktive Studenten und Lehrlinge<\/li><li>CHF 100.- f\u00fcr Passivmitglieder<br><\/li><\/ul><\/li><li><strong>Pro geleisteter Arbeitsstunde<\/strong>&nbsp;(max. 8h) werden dem Mitgliederbeitrag&nbsp;<strong>je CHF 20.-<\/strong>&nbsp;abgezogen.<ul><li>Bei 8 geleisteten Arbeitsstunden bliebt der Mitgliederbeitrag wie bisher:<\/li><li>Es wird grunds\u00e4tzlich erwartet, dass&nbsp;<strong>jedes Mitglied 8 Stunden \/ 1 Tag pro Jahr f\u00fcr den Club leistet<\/strong>, d.h. der&nbsp;<strong>regul\u00e4re Mitgliederbeitrag betr\u00e4gt CHF 300.- bzw. CHF 250.-<\/strong>&nbsp;.&nbsp;<br><\/li><\/ul><\/li><li><strong>Pro jeder weiteren geleisteten Arbeitsstunde<\/strong>&nbsp;(max. weitere 10h) k\u00f6nnen dem Mitgliederbeitrag&nbsp;<strong>zus\u00e4tzlich je CHF 10.-&nbsp;<\/strong>abgezogen werden.<ul><li>Der&nbsp;<strong>minimale Mitgliederbeitrag&nbsp;<\/strong>betr\u00e4gt folglich&nbsp;<strong>CHF 200.- bzw. CHF 150.-<\/strong>&nbsp;(460 \u2013 8\u00d720 \u2013 10\u00d710 = CHF 200.-&nbsp;)<br><\/li><\/ul><\/li><li>Geleistete&nbsp;<strong>Arbeitsstunden k\u00f6nnen jeweils bis zum 30. Juni unter&nbsp;<em><a rel=\"noreferrer noopener\" href=\"http:\/\/stunden.ru-zurich.ch\/\" target=\"_blank\">http:\/\/stunden.ru-zurich.ch<\/a>&nbsp;<\/em>eingetragen&nbsp;<\/strong>werden (Prinzip Eigenverantwortung). Die eingetragenen Arbeitsstunden werden dem Mitgliederbeitrag f\u00fcr die Folgesaison gutgeschrieben.&nbsp;<br><br><\/li><li>Jedes Jahr gibt es folgende M\u00f6glichkeiten f\u00fcr unseren Verein&nbsp;<strong>Arbeitseins\u00e4tze<\/strong>&nbsp;zu leisten:<ul><li>Catering w\u00e4hrend Spielen&nbsp;<\/li><li><strong>Junioren&nbsp;(zus\u00e4tzliche Verg\u00fctung mit CHF 20.-\/Stunde)<\/strong><\/li><li>Promotion \/ Gestaltung<\/li><li>Weihnachtsmarkt Wollishofen Auf- &amp; Abbau (Nov \/ Dez)<\/li><li>ASVZ Pondhockey (Feb)<\/li><li>Stolze Openair (Jun)<\/li><li>RUZ Sommerfest (Jul \/ Aug)<\/li><li>Organisation Generalversammlung (Aug)&nbsp;<\/li><\/ul><\/li><\/ul>\n","protected":false},"excerpt":{"rendered":"<p>Wie viel kostet die RUZ-Mitgliedschaft? F\u00fcr&nbsp;Neumitglieder&nbsp;gilt je nach Kategorie folgender&nbsp;Mitgliederbeitrag im ersten Jahr: CHF 300.- f\u00fcr regul\u00e4re Aktivmitglieder (CHF 175.- f\u00fcr ein halbes Jahr, Lizenz von CHF 50.- bleibt gleich) Die Lizenzgeb\u00fchr des Rugby-Verbands ist in deinem&nbsp;Mitgliederbeitrag&nbsp;inbegriffen. CHF 250.- f\u00fcr aktive Studenten und Lehrlinge (CHF 150.- f\u00fcr halbes Jahr)&nbsp; Die Lizenzgeb\u00fchr des Rugby-Verbands ist in [&hellip;]<\/p>\n","protected":false},"author":3,"featured_media":0,"parent":300,"menu_order":2,"comment_status":"closed","ping_status":"closed","template":"","meta":{"_acf_changed":false,"inline_featured_image":false,"footnotes":""},"class_list":["post-395894","page","type-page","status-publish","hentry"],"acf":[],"_links":{"self":[{"href":"https:\/\/www.ru-zurich.ch\/de\/wp-json\/wp\/v2\/pages\/395894","targetHints":{"allow":["GET"]}}],"collection":[{"href":"https:\/\/www.ru-zurich.ch\/de\/wp-json\/wp\/v2\/pages"}],"about":[{"href":"https:\/\/www.ru-zurich.ch\/de\/wp-json\/wp\/v2\/types\/page"}],"author":[{"embeddable":true,"href":"https:\/\/www.ru-zurich.ch\/de\/wp-json\/wp\/v2\/users\/3"}],"replies":[{"embeddable":true,"href":"https:\/\/www.ru-zurich.ch\/de\/wp-json\/wp\/v2\/comments?post=395894"}],"version-history":[{"count":9,"href":"https:\/\/www.ru-zurich.ch\/de\/wp-json\/wp\/v2\/pages\/395894\/revisions"}],"predecessor-version":[{"id":396453,"href":"https:\/\/www.ru-zurich.ch\/de\/wp-json\/wp\/v2\/pages\/395894\/revisions\/396453"}],"up":[{"embeddable":true,"href":"https:\/\/www.ru-zurich.ch\/de\/wp-json\/wp\/v2\/pages\/300"}],"wp:attachment":[{"href":"https:\/\/www.ru-zurich.ch\/de\/wp-json\/wp\/v2\/media?parent=395894"}],"curies":[{"name":"wp","href":"https:\/\/api.w.org\/{rel}","templated":true}]}}