{"id":584,"date":"2019-10-12T17:14:04","date_gmt":"2019-10-12T15:14:04","guid":{"rendered":"https:\/\/new.ru-zurich.ch\/?page_id=584"},"modified":"2020-03-15T23:54:53","modified_gmt":"2020-03-15T22:54:53","slug":"junioren","status":"publish","type":"page","link":"https:\/\/www.ru-zurich.ch\/de\/mach-mit\/junioren\/","title":{"rendered":"Junioren"},"content":{"rendered":"<div id=\"fb-root\"><\/div>\n\n<h2 class=\"blue wp-block-heading\">Zurich Rugby Academy<\/h2>\n\n\n\n<p>Die Rugby Union Zurich bietet keine eigenen Junioren-Trainings an sondern unterst\u00fctzt die&nbsp;<strong><a rel=\"noreferrer noopener\" href=\"http:\/\/www.zurichrugbyacademy.ch\/\" target=\"_blank\">Zurich Rugby Academy<\/a><\/strong>, welche als eigenst\u00e4ndiger Verein interessierten Kindern und Jugendlichen von 5 bis 18 Jahren den Rugbysport n\u00e4herbringt.<\/p>\n\n\n\n<div class=\"wp-block-image\"><figure class=\"aligncenter size-medium\"><a href=\"https:\/\/www.zurichrugbyacademy.ch\" target=\"_blank\" rel=\"noreferrer noopener\"><img decoding=\"async\" width=\"300\" height=\"289\" src=\"https:\/\/www.ru-zurich.ch\/wp-content\/uploads\/\/ZRA-Logo-Black-300x289.png\" alt=\"Logo der Zurich Rugby Academy\" class=\"wp-image-941\" srcset=\"https:\/\/www.ru-zurich.ch\/wp-content\/uploads\/ZRA-Logo-Black-300x289.png 300w, https:\/\/www.ru-zurich.ch\/wp-content\/uploads\/ZRA-Logo-Black-1024x986.png 1024w, https:\/\/www.ru-zurich.ch\/wp-content\/uploads\/ZRA-Logo-Black-768x740.png 768w, https:\/\/www.ru-zurich.ch\/wp-content\/uploads\/ZRA-Logo-Black-980x944.png 980w, https:\/\/www.ru-zurich.ch\/wp-content\/uploads\/ZRA-Logo-Black.png 1037w\" sizes=\"(max-width: 300px) 100vw, 300px\" \/><\/a><\/figure><\/div>\n\n\n\n<p>Ab 16 Jahren oder wenn ein Spieler zu alt f\u00fcr das Angebot der\u00a0 Zurich Rugby Academy geworden ist, kann sehr gerne mit unserer Herrenmannschaft\u00a0<a href=\"\/de?page_id=1760\">mittrainiert<\/a>\u00a0werden!<\/p>\n","protected":false},"excerpt":{"rendered":"<p>Zurich Rugby Academy Die Rugby Union Zurich bietet keine eigenen Junioren-Trainings an sondern unterst\u00fctzt die&nbsp;Zurich Rugby Academy, welche als eigenst\u00e4ndiger Verein interessierten Kindern und Jugendlichen von 5 bis 18 Jahren den Rugbysport n\u00e4herbringt. Ab 16 Jahren oder wenn ein Spieler zu alt f\u00fcr das Angebot der\u00a0 Zurich Rugby Academy geworden ist, kann sehr gerne mit [&hellip;]<\/p>\n","protected":false},"author":3,"featured_media":0,"parent":300,"menu_order":0,"comment_status":"closed","ping_status":"closed","template":"","meta":{"_acf_changed":false,"inline_featured_image":false,"footnotes":""},"class_list":["post-584","page","type-page","status-publish","hentry"],"acf":[],"_links":{"self":[{"href":"https:\/\/www.ru-zurich.ch\/de\/wp-json\/wp\/v2\/pages\/584","targetHints":{"allow":["GET"]}}],"collection":[{"href":"https:\/\/www.ru-zurich.ch\/de\/wp-json\/wp\/v2\/pages"}],"about":[{"href":"https:\/\/www.ru-zurich.ch\/de\/wp-json\/wp\/v2\/types\/page"}],"author":[{"embeddable":true,"href":"https:\/\/www.ru-zurich.ch\/de\/wp-json\/wp\/v2\/users\/3"}],"replies":[{"embeddable":true,"href":"https:\/\/www.ru-zurich.ch\/de\/wp-json\/wp\/v2\/comments?post=584"}],"version-history":[{"count":1,"href":"https:\/\/www.ru-zurich.ch\/de\/wp-json\/wp\/v2\/pages\/584\/revisions"}],"predecessor-version":[{"id":1812,"href":"https:\/\/www.ru-zurich.ch\/de\/wp-json\/wp\/v2\/pages\/584\/revisions\/1812"}],"up":[{"embeddable":true,"href":"https:\/\/www.ru-zurich.ch\/de\/wp-json\/wp\/v2\/pages\/300"}],"wp:attachment":[{"href":"https:\/\/www.ru-zurich.ch\/de\/wp-json\/wp\/v2\/media?parent=584"}],"curies":[{"name":"wp","href":"https:\/\/api.w.org\/{rel}","templated":true}]}}