{"id":586,"date":"2019-10-12T17:14:40","date_gmt":"2019-10-12T15:14:40","guid":{"rendered":"https:\/\/new.ru-zurich.ch\/?page_id=586"},"modified":"2025-11-21T10:03:07","modified_gmt":"2025-11-21T09:03:07","slug":"sponsoren","status":"publish","type":"page","link":"https:\/\/www.ru-zurich.ch\/de\/sponsoren\/","title":{"rendered":"Sponsoren"},"content":{"rendered":"<div id=\"fb-root\"><\/div>\n\n<h3 class=\"wp-block-heading after-left blue\" id=\"sponsor-werden\">Sponsor werden!<\/h3>\n\n\n\n<p><\/p>\n\n\n\n<p><strong>Haben Sie Interesse, sich mit der spannenden Sportart Rugby mit einem guten Image zu profilieren?<\/strong><br>Dann schauen Sie sich jetzt die verschiedenen M\u00f6glichkeit des Sponsoring in unserem Sponsoring-Dossier 2025 an!<\/p>\n\n\n\n<div class=\"wp-block-file\"><a id=\"wp-block-file--media-81496fcc-c38f-43a7-b5e2-6b5ae8c6f7e2\" href=\"https:\/\/www.ru-zurich.ch\/wp-content\/uploads\/RUZ_Sponsoring_2025.pdf\" target=\"_blank\" rel=\"noreferrer noopener\">RUZ Sponsoring-Dossier 2025<\/a><a href=\"https:\/\/www.ru-zurich.ch\/wp-content\/uploads\/RUZ_Sponsoring_2025.pdf\" class=\"wp-block-file__button wp-element-button\" download aria-describedby=\"wp-block-file--media-81496fcc-c38f-43a7-b5e2-6b5ae8c6f7e2\">Herunterladen<\/a><\/div>\n\n\n\n<h2 class=\"wp-block-heading after-left blue\" id=\"hauptsponsor\">Hauptsponsor<\/h2>\n\n\n\n<div class=\"wp-block-columns sponsors is-layout-flex wp-container-core-columns-is-layout-9d6595d7 wp-block-columns-is-layout-flex\">\n<div class=\"wp-block-column is-layout-flow wp-block-column-is-layout-flow\" style=\"flex-basis:33.33%\">\n<p><\/p>\n\n\n\n<figure class=\"wp-block-image size-large\"><img decoding=\"async\" width=\"1024\" height=\"573\" src=\"https:\/\/www.ru-zurich.ch\/wp-content\/uploads\/Logo-JACO-gross2-modified2222-2-1024x573.png\" alt=\"\" class=\"wp-image-410203\" srcset=\"https:\/\/www.ru-zurich.ch\/wp-content\/uploads\/Logo-JACO-gross2-modified2222-2-1024x573.png 1024w, https:\/\/www.ru-zurich.ch\/wp-content\/uploads\/Logo-JACO-gross2-modified2222-2-300x168.png 300w, https:\/\/www.ru-zurich.ch\/wp-content\/uploads\/Logo-JACO-gross2-modified2222-2-768x430.png 768w, https:\/\/www.ru-zurich.ch\/wp-content\/uploads\/Logo-JACO-gross2-modified2222-2-1536x860.png 1536w, https:\/\/www.ru-zurich.ch\/wp-content\/uploads\/Logo-JACO-gross2-modified2222-2-1340x750.png 1340w, https:\/\/www.ru-zurich.ch\/wp-content\/uploads\/Logo-JACO-gross2-modified2222-2-980x549.png 980w, https:\/\/www.ru-zurich.ch\/wp-content\/uploads\/Logo-JACO-gross2-modified2222-2.png 1920w\" sizes=\"(max-width: 1024px) 100vw, 1024px\" \/><\/figure>\n\n\n\n<p><\/p>\n\n\n\n<p><\/p>\n\n\n\n<h3 class=\"wp-block-heading blue\" id=\"o-callaghan-sshamrock-irish-pub\">Jaeger Coneco AG Baumanagement<\/h3>\n\n\n\n<p>Obstgartenstrasse 19<br>8006 Z\u00fcrich<\/p>\n\n\n\n<p>+41 44 208 80 80<\/p>\n\n\n\n<p><a href=\"mailto:degaf@gmail.com\"><\/a><a href=\"mailto:info@jaco.ch\">info@jaco.ch<\/a><\/p>\n\n\n\n<p><a href=\"https:\/\/www.jaco.ch\">https:\/\/www.jaco.ch<\/a><\/p>\n<\/div>\n\n\n\n<div class=\"wp-block-column is-layout-flow wp-block-column-is-layout-flow\" style=\"flex-basis:66.66%\">\n<p>Jaeger Coneco \u2013 Ihr Partner f\u00fcr erfolgreiches Bauen<\/p>\n\n\n\n<p>Als Generalplaner und Baumanager verbinden wir Fachwissen, Erfahrung und ein starkes Netzwerk. Wir koordinieren Architektur, Planung und Ausf\u00fchrung nahtlos, sorgen f\u00fcr klare Schnittstellen und gew\u00e4hrleisten Kosten- und Terminsicherheit.<\/p>\n\n\n\n<p>Unsere Leidenschaft ist es, Bauvorhaben \u2013 ob gross oder klein \u2013 effizient, hochwertig und nachhaltig umzusetzen. Mit pr\u00e4ziser Kostenplanung, t\u00e4glicher Baustellenpr\u00e4senz und hoher Qualit\u00e4tskontrolle f\u00fchren wir jedes Projekt zuverl\u00e4ssig zum Erfolg.<\/p>\n\n\n\n<p>Wir legen grossen Wert auf vertrauensvolle Zusammenarbeit \u2013 mit Bauherrschaften, Partnern und Projektteams. So entstehen L\u00f6sungen, die Bestand haben und Mehrwert schaffen. Als Sponsoringpartner m\u00f6chten wir diese Haltung auch ausserhalb unserer Bauprojekte leben und Engagement zeigen.<\/p>\n<\/div>\n<\/div>\n\n\n\n<div style=\"height:30px\" aria-hidden=\"true\" class=\"wp-block-spacer\"><\/div>\n\n\n\n<h2 class=\"wp-block-heading after-left blue\" id=\"sponsoren\">Sponsoren<\/h2>\n\n\n\n<div class=\"wp-block-columns sponsors is-layout-flex wp-container-core-columns-is-layout-9d6595d7 wp-block-columns-is-layout-flex\">\n<div class=\"wp-block-column is-layout-flow wp-block-column-is-layout-flow\">\n<div style=\"height:96px\" aria-hidden=\"true\" class=\"wp-block-spacer\"><\/div>\n\n\n\n<figure class=\"wp-block-image size-large is-resized\"><a href=\"https:\/\/www.resin-floor.ch\" target=\"_blank\" rel=\"noreferrer noopener\"><img decoding=\"async\" src=\"https:\/\/www.ru-zurich.ch\/wp-content\/uploads\/RUZ_Sponsor_ResinFloor_schwarz.svg\" alt=\"Resin Floor GmbH\" class=\"wp-image-1383\" style=\"width:319px;height:33px\"\/><\/a><\/figure>\n\n\n\n<div style=\"height:41px\" aria-hidden=\"true\" class=\"wp-block-spacer\"><\/div>\n\n\n\n<h3 class=\"wp-block-heading blue\" id=\"resin-floor-gmbh\">Resin Floor GmbH<\/h3>\n\n\n\n<p>Katzenr\u00fctistrasse 29 a<br>8153 R\u00fcmlang<br><br>Pasquale Prete<br>+41 43 810 65 07<br><a href=\"mailto:kontakt@resin-floor.ch\">kontakt@resin-floor.ch<\/a><br><a href=\"http:\/\/www.resin-floor.ch\/\" target=\"_blank\" rel=\"noreferrer noopener\">www.resin-floor.ch<\/a><\/p>\n<\/div>\n\n\n\n<div class=\"wp-block-column is-layout-flow wp-block-column-is-layout-flow\">\n<div style=\"height:20px\" aria-hidden=\"true\" class=\"wp-block-spacer\"><\/div>\n\n\n\n<figure class=\"wp-block-image size-full is-resized is-style-default\"><img decoding=\"async\" width=\"2000\" height=\"602\" src=\"https:\/\/www.ru-zurich.ch\/wp-content\/uploads\/BierwerkZueri_landscape_color.png\" alt=\"\" class=\"wp-image-410189\" style=\"aspect-ratio:2.576923076923077;width:305px;height:auto\" srcset=\"https:\/\/www.ru-zurich.ch\/wp-content\/uploads\/BierwerkZueri_landscape_color.png 2000w, https:\/\/www.ru-zurich.ch\/wp-content\/uploads\/BierwerkZueri_landscape_color-300x90.png 300w, https:\/\/www.ru-zurich.ch\/wp-content\/uploads\/BierwerkZueri_landscape_color-1024x308.png 1024w, https:\/\/www.ru-zurich.ch\/wp-content\/uploads\/BierwerkZueri_landscape_color-768x231.png 768w, https:\/\/www.ru-zurich.ch\/wp-content\/uploads\/BierwerkZueri_landscape_color-1536x462.png 1536w, https:\/\/www.ru-zurich.ch\/wp-content\/uploads\/BierwerkZueri_landscape_color-1340x403.png 1340w, https:\/\/www.ru-zurich.ch\/wp-content\/uploads\/BierwerkZueri_landscape_color-980x295.png 980w, https:\/\/www.ru-zurich.ch\/wp-content\/uploads\/BierwerkZueri_landscape_color-1000x300.png 1000w\" sizes=\"(max-width: 2000px) 100vw, 2000px\" \/><\/figure>\n\n\n\n<p><\/p>\n\n\n\n<h3 class=\"wp-block-heading blue\" id=\"eupro-ag-zurich\">BIERWERK Z\u00fcri<\/h3>\n\n\n\n<p>Gustav-Gull-Platz 10<br>8004 Z\u00fcrich<br><br>+41 44 230 23 11<br><a href=\"mailto:hello@SUNDAYSseltzer.com\">info@bierwerkzurich.ch<\/a><br><a href=\"https:\/\/www.bierwerkzueri.ch\">https:\/\/www.bierwerkzueri.ch<\/a><\/p>\n<\/div>\n\n\n\n<div class=\"wp-block-column is-layout-flow wp-block-column-is-layout-flow\">\n<figure class=\"wp-block-image size-full is-resized\"><img decoding=\"async\" width=\"932\" height=\"871\" src=\"https:\/\/www.ru-zurich.ch\/wp-content\/uploads\/RestaurantLeRendezVous_black.png\" alt=\"\" class=\"wp-image-410200\" style=\"width:151px;height:auto\" srcset=\"https:\/\/www.ru-zurich.ch\/wp-content\/uploads\/RestaurantLeRendezVous_black.png 932w, https:\/\/www.ru-zurich.ch\/wp-content\/uploads\/RestaurantLeRendezVous_black-300x280.png 300w, https:\/\/www.ru-zurich.ch\/wp-content\/uploads\/RestaurantLeRendezVous_black-768x718.png 768w\" sizes=\"(max-width: 932px) 100vw, 932px\" \/><\/figure>\n\n\n\n<p><\/p>\n\n\n\n<h3 class=\"wp-block-heading blue\" id=\"aias-engineering-gmbh\">Restaurant le rendez-vous<\/h3>\n\n\n\n<p>Seestrasse 3<br>8002 Z\u00fcrich<\/p>\n\n\n\n<p>+41 44 201 24 20<br><a href=\"mailto:manuel.markwalder@aias.ch\"><\/a><a href=\"mailto:info@restaurant-le-rendez-vous.ch\">info@restaurant-le-rendez-vous.ch<\/a><br><a href=\"https:\/\/restaurant-le-rendez-vous.ch\/\">https:\/\/restaurant-le-rendez-vous.ch\/<\/a><\/p>\n<\/div>\n<\/div>\n\n\n\n<div class=\"wp-block-columns sponsors is-layout-flex wp-container-core-columns-is-layout-9d6595d7 wp-block-columns-is-layout-flex\">\n<div class=\"wp-block-column is-layout-flow wp-block-column-is-layout-flow\">\n<div style=\"height:20px\" aria-hidden=\"true\" class=\"wp-block-spacer\"><\/div>\n<\/div>\n<\/div>\n\n\n\n<div style=\"height:60px\" aria-hidden=\"true\" class=\"wp-block-spacer\"><\/div>\n\n\n\n<div class=\"wp-block-columns is-layout-flex wp-container-core-columns-is-layout-9d6595d7 wp-block-columns-is-layout-flex\">\n<div class=\"wp-block-column is-layout-flow wp-block-column-is-layout-flow\">\n<h5 class=\"wp-block-heading\"><strong>Transportpartner<\/strong><\/h5>\n\n\n\n<div style=\"height:27px\" aria-hidden=\"true\" class=\"wp-block-spacer\"><\/div>\n<\/div>\n\n\n\n<div class=\"wp-block-column is-layout-flow wp-block-column-is-layout-flow\">\n<h5 class=\"wp-block-heading\">Medical Partner<\/h5>\n<\/div>\n\n\n\n<div class=\"wp-block-column is-layout-flow wp-block-column-is-layout-flow\">\n<h5 class=\"wp-block-heading\">Physio Partner<\/h5>\n<\/div>\n<\/div>\n\n\n\n<div class=\"wp-block-columns is-layout-flex wp-container-core-columns-is-layout-9d6595d7 wp-block-columns-is-layout-flex\">\n<div class=\"wp-block-column is-layout-flow wp-block-column-is-layout-flow\">\n<figure class=\"wp-block-image size-large is-resized\"><img decoding=\"async\" width=\"301\" height=\"68\" src=\"https:\/\/www.ru-zurich.ch\/wp-content\/uploads\/twerenbold-dunkel.svg\" alt=\"Twerenbold Reisen\" class=\"wp-image-409549\" style=\"width:294px;height:auto\"\/><\/figure>\n\n\n\n<p><\/p>\n\n\n\n<p><\/p>\n\n\n\n<h3 class=\"wp-block-heading blue\" id=\"kafi-usglich\">Twerenbold Reisen AG<\/h3>\n\n\n\n<p>Im Steiacher 1<br>CH-5406 Baden-R\u00fctihof<br><br>+41 56 484 84 84<br><a href=\"mailto:info@orthopaedie-balsberg.ch\" target=\"_blank\" rel=\"noreferrer noopener\"><\/a><a href=\"mailto:info@twerenbold.ch\">info@twerenbold.ch<\/a><br><a href=\"https:\/\/www.twerenbold.ch\" target=\"_blank\" rel=\"noreferrer noopener\">www.twerenbold.ch<\/a><\/p>\n<\/div>\n\n\n\n<div class=\"wp-block-column is-layout-flow wp-block-column-is-layout-flow\">\n<figure class=\"wp-block-image size-full is-resized\"><img decoding=\"async\" src=\"https:\/\/www.ru-zurich.ch\/wp-content\/uploads\/orthopadie-sportchirurgie-kloten-braun.svg\" alt=\"Orthop\u00e4die &amp; Sportchirurgie Kloten\" class=\"wp-image-409539\" style=\"width:115px;height:115px\"\/><\/figure>\n\n\n\n<h3 class=\"wp-block-heading blue\" id=\"kafi-usglich\">Orthopaedie &amp; Sportchirurgie Kloten AG<\/h3>\n\n\n\n<p>Bachstrasse 9a<br>8302 Kloten<br><br>Dr. med. Christopher Schmidt<br>+41 44 874 80 10<br><a href=\"mailto:info@orthopaedie-kloten.ch\" target=\"_blank\" rel=\"noreferrer noopener\">info@orthopaedie-kloten.ch<\/a><br><a href=\"https:\/\/www.orthopaedie-kloten.ch\" data-type=\"link\" data-id=\"https:\/\/www.orthopaedie-kloten.ch\" target=\"_blank\" rel=\"noreferrer noopener\">www.orthopaedie-kloten.ch<\/a><\/p>\n<\/div>\n\n\n\n<div class=\"wp-block-column is-layout-flow wp-block-column-is-layout-flow\">\n<figure class=\"wp-block-image size-full is-resized\"><img decoding=\"async\" width=\"800\" height=\"473\" src=\"https:\/\/www.ru-zurich.ch\/wp-content\/uploads\/NextLevelPhysio_Logo_CMYK_Black.png\" alt=\"\" class=\"wp-image-405320\" style=\"width:191px;height:113px\" srcset=\"https:\/\/www.ru-zurich.ch\/wp-content\/uploads\/NextLevelPhysio_Logo_CMYK_Black.png 800w, https:\/\/www.ru-zurich.ch\/wp-content\/uploads\/NextLevelPhysio_Logo_CMYK_Black-300x177.png 300w, https:\/\/www.ru-zurich.ch\/wp-content\/uploads\/NextLevelPhysio_Logo_CMYK_Black-768x454.png 768w\" sizes=\"(max-width: 800px) 100vw, 800px\" \/><\/figure>\n\n\n\n<h3 class=\"wp-block-heading blue\" id=\"eurobus-welti-furrer-ag\">Next-level physio<\/h3>\n\n\n\n<p>St. Annagasse 9<br>8001 Z\u00fcrich<br><br>Thomas Hohl<br>+41 41 558 51 31<br><a href=\"mailto:info@nextlevel-physio.ch\" target=\"_blank\" rel=\"noreferrer noopener\">info@nextlevel-physio.ch<\/a><br><a href=\"https:\/\/www.nextlevel-physio.ch\" target=\"_blank\" rel=\"noreferrer noopener\">www.nextlevel-physio.ch<\/a><\/p>\n<\/div>\n<\/div>\n\n\n\n<div style=\"height:69px\" aria-hidden=\"true\" class=\"wp-block-spacer\"><\/div>\n\n\n\n<h2 class=\"wp-block-heading after-left blue\" id=\"weitere-unterstutzer-partner\">Weitere Unterst\u00fctzer &amp; Partner<\/h2>\n\n\n\n<div class=\"wp-block-columns sponsors is-layout-flex wp-container-core-columns-is-layout-9d6595d7 wp-block-columns-is-layout-flex\">\n<div class=\"wp-block-column is-layout-flow wp-block-column-is-layout-flow\">\n<div style=\"height:20px\" aria-hidden=\"true\" class=\"wp-block-spacer\"><\/div>\n\n\n\n<figure class=\"wp-block-image size-large is-resized\"><a href=\"https:\/\/www.zks-zuerich.ch\" target=\"_blank\" rel=\"noreferrer noopener\"><img decoding=\"async\" src=\"https:\/\/www.ru-zurich.ch\/wp-content\/uploads\/RUZ_Sponsor_ZKS_schwarz-1.svg\" alt=\"ZKS - Z\u00fcrcher Kantonalverband f\u00fcr Sport\" class=\"wp-image-1368\" style=\"width:165px;height:60px\"\/><\/a><\/figure>\n\n\n\n<div style=\"height:20px\" aria-hidden=\"true\" class=\"wp-block-spacer\"><\/div>\n\n\n\n<h3 class=\"wp-block-heading blue\" id=\"zurcher-kantonalverband-fur-sport\">Z\u00fcrcher Kantonalverband f\u00fcr Sport (ZKS)<\/h3>\n\n\n\n<p>Gartenstrasse 10<br>8600 D\u00fcbendorf<\/p>\n\n\n\n<p>+41 44 802 33 77<br><a href=\"mailto:info@zks-zuerich.ch\">info@zks-zuerich.ch<\/a><\/p>\n\n\n\n<p><a href=\"https:\/\/www.zks-zuerich.ch\" target=\"_blank\" rel=\"noreferrer noopener\" aria-label=\" (\u00f6ffnet in neuem Tab)\">www.zks-zuerich.ch<\/a><\/p>\n<\/div>\n\n\n\n<div class=\"wp-block-column is-layout-flow wp-block-column-is-layout-flow\">\n<div style=\"height:25px\" aria-hidden=\"true\" class=\"wp-block-spacer\"><\/div>\n\n\n\n<figure class=\"wp-block-image size-large is-resized\"><a href=\"https:\/\/www.zss.ch\" target=\"_blank\" rel=\"noreferrer noopener\"><img decoding=\"async\" width=\"1024\" height=\"197\" src=\"https:\/\/www.ru-zurich.ch\/wp-content\/uploads\/\/RUZ_Partner_ZSS-1024x197.png\" alt=\"ZSS - Z\u00fcrcher Stadtverband f\u00fcr Sport\" class=\"wp-image-1374\" style=\"width:261px;height:50px\" srcset=\"https:\/\/www.ru-zurich.ch\/wp-content\/uploads\/RUZ_Partner_ZSS-1024x197.png 1024w, https:\/\/www.ru-zurich.ch\/wp-content\/uploads\/RUZ_Partner_ZSS-300x58.png 300w, https:\/\/www.ru-zurich.ch\/wp-content\/uploads\/RUZ_Partner_ZSS-768x147.png 768w, https:\/\/www.ru-zurich.ch\/wp-content\/uploads\/RUZ_Partner_ZSS-1536x295.png 1536w, https:\/\/www.ru-zurich.ch\/wp-content\/uploads\/RUZ_Partner_ZSS-2048x393.png 2048w, https:\/\/www.ru-zurich.ch\/wp-content\/uploads\/RUZ_Partner_ZSS-1340x257.png 1340w, https:\/\/www.ru-zurich.ch\/wp-content\/uploads\/RUZ_Partner_ZSS-980x188.png 980w\" sizes=\"(max-width: 1024px) 100vw, 1024px\" \/><\/a><\/figure>\n\n\n\n<div style=\"height:25px\" aria-hidden=\"true\" class=\"wp-block-spacer\"><\/div>\n\n\n\n<h3 class=\"wp-block-heading blue\" id=\"zurcher-stadtverband-fur-sport\">Z\u00fcrcher Stadtverband f\u00fcr Sport (ZSS)<\/h3>\n\n\n\n<p>8000 Z\u00fcrich<\/p>\n\n\n\n<p>+41 44 396 25 55<br><a href=\"mailto:info@zss.ch\">info@zss.ch<\/a><\/p>\n\n\n\n<p><a href=\"https:\/\/www.zss.ch\" target=\"_blank\" rel=\"noreferrer noopener\" aria-label=\"www.zss.ch (\u00f6ffnet in neuem Tab)\">www.zss.ch<\/a><\/p>\n<\/div>\n\n\n\n<div class=\"wp-block-column is-layout-flow wp-block-column-is-layout-flow\">\n<div style=\"height:25px\" aria-hidden=\"true\" class=\"wp-block-spacer\"><\/div>\n\n\n\n<figure class=\"wp-block-image size-large is-resized\"><a href=\"https:\/\/www.stadt-zuerich.ch\/ssd\/de\/index\/sport.html\" target=\"_blank\" rel=\"noreferrer noopener\"><img decoding=\"async\" width=\"812\" height=\"177\" src=\"https:\/\/www.ru-zurich.ch\/wp-content\/uploads\/RUZ_Partner_SportamtStadtZuerich.png\" alt=\"Sportamt Stadt Z\u00fcrich\" class=\"wp-image-1356\" style=\"width:223px;height:48px\" srcset=\"https:\/\/www.ru-zurich.ch\/wp-content\/uploads\/RUZ_Partner_SportamtStadtZuerich.png 812w, https:\/\/www.ru-zurich.ch\/wp-content\/uploads\/RUZ_Partner_SportamtStadtZuerich-300x65.png 300w, https:\/\/www.ru-zurich.ch\/wp-content\/uploads\/RUZ_Partner_SportamtStadtZuerich-768x167.png 768w\" sizes=\"(max-width: 812px) 100vw, 812px\" \/><\/a><\/figure>\n\n\n\n<div style=\"height:25px\" aria-hidden=\"true\" class=\"wp-block-spacer\"><\/div>\n\n\n\n<h3 class=\"wp-block-heading blue\" id=\"sportamt-stadt-zurich\">Sportamt Stadt Z\u00fcrich<\/h3>\n\n\n\n<p>T\u00f6distrasse 48<br>Postfach 2108<br>8027&nbsp;Z\u00fcrich<\/p>\n\n\n\n<p>+41 44 413 93 93<\/p>\n\n\n\n<p><a href=\"https:\/\/www.stadt-zuerich.ch\/ssd\/de\/index\/sport.html\">www.stadt-zuerich.ch<\/a><\/p>\n<\/div>\n<\/div>\n\n\n\n<div class=\"wp-block-columns is-layout-flex wp-container-core-columns-is-layout-9d6595d7 wp-block-columns-is-layout-flex\">\n<div class=\"wp-block-column is-layout-flow wp-block-column-is-layout-flow\">\n<div style=\"height:20px\" aria-hidden=\"true\" class=\"wp-block-spacer\"><\/div>\n\n\n\n<figure class=\"wp-block-image size-large is-resized\"><a href=\"http:\/\/www.asvz.ch\" target=\"_blank\" rel=\"noreferrer noopener\"><img decoding=\"async\" src=\"https:\/\/www.ru-zurich.ch\/wp-content\/uploads\/RUZ_Partner_ASVZ.svg\" alt=\"ASVZ - Akademischer Sportverband Z\u00fcrich\" class=\"wp-image-1352\" style=\"width:187px;height:70px\"\/><\/a><\/figure>\n\n\n\n<div style=\"height:20px\" aria-hidden=\"true\" class=\"wp-block-spacer\"><\/div>\n\n\n\n<h3 class=\"wp-block-heading blue\" id=\"akademischer-sportverband-zurich-asvz\">Akademischer Sportverband Z\u00fcrich (ASVZ)<\/h3>\n\n\n\n<p>ETH Z\u00fcrich<br>8092 Z\u00fcrich<\/p>\n\n\n\n<p><a href=\"tel:+41 44 632 42 10\">+41 44 632 42 10<\/a><br><a href=\"mailto:info@asvz.ch\">info@asvz.ch<\/a><\/p>\n\n\n\n<p><a rel=\"noreferrer noopener\" aria-label=\" (\u00f6ffnet in neuem Tab)\" href=\"http:\/\/www.asvz.ch\" target=\"_blank\">www.asv<\/a><a href=\"http:\/\/www.asvz.ch\" target=\"_blank\" rel=\"noreferrer noopener\" aria-label=\" (\u00f6ffnet in neuem Tab)\">z<\/a><a rel=\"noreferrer noopener\" aria-label=\" (\u00f6ffnet in neuem Tab)\" href=\"http:\/\/www.asvz.ch\" target=\"_blank\">.ch<\/a><\/p>\n<\/div>\n\n\n\n<div class=\"wp-block-column is-layout-flow wp-block-column-is-layout-flow\">\n<div style=\"height:25px\" aria-hidden=\"true\" class=\"wp-block-spacer\"><\/div>\n\n\n\n<div style=\"height:25px\" aria-hidden=\"true\" class=\"wp-block-spacer\"><\/div>\n\n\n\n<h3 class=\"wp-block-heading blue\" id=\"rugby-store-ch-rugger-gmbh\"><\/h3>\n\n\n\n<p><\/p>\n\n\n\n<p><\/p>\n<\/div>\n\n\n\n<div class=\"wp-block-column is-layout-flow wp-block-column-is-layout-flow\"><\/div>\n<\/div>\n\n\n\n<p><strong><br><\/strong><\/p>\n","protected":false},"excerpt":{"rendered":"<p>Sponsor werden! Haben Sie Interesse, sich mit der spannenden Sportart Rugby mit einem guten Image zu profilieren?Dann schauen Sie sich jetzt die verschiedenen M\u00f6glichkeit des Sponsoring in unserem Sponsoring-Dossier 2025 an! Hauptsponsor Jaeger Coneco AG Baumanagement Obstgartenstrasse 198006 Z\u00fcrich +41 44 208 80 80 info@jaco.ch https:\/\/www.jaco.ch Jaeger Coneco \u2013 Ihr Partner f\u00fcr erfolgreiches Bauen Als [&hellip;]<\/p>\n","protected":false},"author":3,"featured_media":0,"parent":0,"menu_order":0,"comment_status":"closed","ping_status":"closed","template":"tpl_fullwidth.php","meta":{"_acf_changed":false,"inline_featured_image":false,"footnotes":""},"class_list":["post-586","page","type-page","status-publish","hentry"],"acf":[],"_links":{"self":[{"href":"https:\/\/www.ru-zurich.ch\/de\/wp-json\/wp\/v2\/pages\/586","targetHints":{"allow":["GET"]}}],"collection":[{"href":"https:\/\/www.ru-zurich.ch\/de\/wp-json\/wp\/v2\/pages"}],"about":[{"href":"https:\/\/www.ru-zurich.ch\/de\/wp-json\/wp\/v2\/types\/page"}],"author":[{"embeddable":true,"href":"https:\/\/www.ru-zurich.ch\/de\/wp-json\/wp\/v2\/users\/3"}],"replies":[{"embeddable":true,"href":"https:\/\/www.ru-zurich.ch\/de\/wp-json\/wp\/v2\/comments?post=586"}],"version-history":[{"count":111,"href":"https:\/\/www.ru-zurich.ch\/de\/wp-json\/wp\/v2\/pages\/586\/revisions"}],"predecessor-version":[{"id":410341,"href":"https:\/\/www.ru-zurich.ch\/de\/wp-json\/wp\/v2\/pages\/586\/revisions\/410341"}],"wp:attachment":[{"href":"https:\/\/www.ru-zurich.ch\/de\/wp-json\/wp\/v2\/media?parent=586"}],"curies":[{"name":"wp","href":"https:\/\/api.w.org\/{rel}","templated":true}]}}