{"id":808,"date":"2020-01-05T17:44:24","date_gmt":"2020-01-05T16:44:24","guid":{"rendered":"https:\/\/new.ru-zurich.ch\/?page_id=808"},"modified":"2025-04-25T17:48:28","modified_gmt":"2025-04-25T15:48:28","slug":"verbaende","status":"publish","type":"page","link":"https:\/\/www.ru-zurich.ch\/de\/verein\/verbaende\/","title":{"rendered":"Verb\u00e4nde"},"content":{"rendered":"<div id=\"fb-root\"><\/div>\n\n<h2 class=\"wp-block-heading blue\">Mitgliedschaften<\/h2>\n\n\n\n<p>Die Rugby Union Zurich geh\u00f6rt folgenden Verb\u00e4nden an:<\/p>\n\n\n\n<ul class=\"wp-block-list\">\n<li><a aria-label=\" (\u00f6ffnet in neuem Tab)\" href=\"http:\/\/suisserugby.com\" target=\"_blank\" rel=\"noreferrer noopener\">Schweizerischer Rugby-Verband<\/a> (SRV\/FSR)<\/li>\n\n\n\n<li><a aria-label=\"Nordschweizer Rugbyverband (\u00f6ffnet in neuem Tab)\" href=\"http:\/\/www.nsrv.ch\" target=\"_blank\" rel=\"noreferrer noopener\">Nordschweizer Rugbyverband<\/a> (NSRV, Deutschschweiz\/Tessin sowie Fribourg\/Neuch\u00e2tel)<\/li>\n\n\n\n<li><a aria-label=\" (\u00f6ffnet in neuem Tab)\" href=\"http:\/\/www.rugby-zh.ch\" target=\"_blank\" rel=\"noreferrer noopener\">Z\u00fcrcher Rugby-Verband<\/a> (ZRV, Kanton Z\u00fcrich)\n<ul class=\"wp-block-list\">\n<li>Mitglied des <a aria-label=\"Z\u00fcrcher Kantonalverband f\u00fcr Sport (ZKS) (\u00f6ffnet in neuem Tab)\" href=\"http:\/\/www.zks-zuerich.ch\" target=\"_blank\" rel=\"noreferrer noopener\">Z\u00fcrcher Kantonalverband f\u00fcr Sport (ZKS)<\/a><\/li>\n<\/ul>\n<\/li>\n\n\n\n<li><a aria-label=\"Interessensgemeinschaft American Football, Cheerleading &amp; Rugby Stadt Z\u00fcrich (\u00f6ffnet in neuem Tab)\" href=\"http:\/\/www.igacr.ch\" target=\"_blank\" rel=\"noreferrer noopener\">Interessensgemeinschaft American Football, Cheerleading &amp; Rugby Stadt Z\u00fcrich<\/a> (IG ACR)\n<ul class=\"wp-block-list\">\n<li>Mitglied des <a aria-label=\"Z\u00fcrcher Stadtverband f\u00fcr Sport (ZSS) (\u00f6ffnet in neuem Tab)\" href=\"http:\/\/www.zss.ch\" target=\"_blank\" rel=\"noreferrer noopener\">Z\u00fcrcher Stadtverband f\u00fcr Sport (ZSS)<\/a> und des <a aria-label=\"Quartiervereins Wiedikon  (\u00f6ffnet in neuem Tab)\" href=\"https:\/\/www.quartierverein-wiedikon.ch\" target=\"_blank\" rel=\"noreferrer noopener\">Quartiervereins Wiedikon <\/a><\/li>\n<\/ul>\n<\/li>\n<\/ul>\n\n\n\n<p><\/p>\n","protected":false},"excerpt":{"rendered":"<p>Mitgliedschaften Die Rugby Union Zurich geh\u00f6rt folgenden Verb\u00e4nden an:<\/p>\n","protected":false},"author":3,"featured_media":0,"parent":2,"menu_order":0,"comment_status":"closed","ping_status":"closed","template":"","meta":{"_acf_changed":false,"inline_featured_image":false,"footnotes":""},"class_list":["post-808","page","type-page","status-publish","hentry"],"acf":[],"_links":{"self":[{"href":"https:\/\/www.ru-zurich.ch\/de\/wp-json\/wp\/v2\/pages\/808","targetHints":{"allow":["GET"]}}],"collection":[{"href":"https:\/\/www.ru-zurich.ch\/de\/wp-json\/wp\/v2\/pages"}],"about":[{"href":"https:\/\/www.ru-zurich.ch\/de\/wp-json\/wp\/v2\/types\/page"}],"author":[{"embeddable":true,"href":"https:\/\/www.ru-zurich.ch\/de\/wp-json\/wp\/v2\/users\/3"}],"replies":[{"embeddable":true,"href":"https:\/\/www.ru-zurich.ch\/de\/wp-json\/wp\/v2\/comments?post=808"}],"version-history":[{"count":4,"href":"https:\/\/www.ru-zurich.ch\/de\/wp-json\/wp\/v2\/pages\/808\/revisions"}],"predecessor-version":[{"id":409879,"href":"https:\/\/www.ru-zurich.ch\/de\/wp-json\/wp\/v2\/pages\/808\/revisions\/409879"}],"up":[{"embeddable":true,"href":"https:\/\/www.ru-zurich.ch\/de\/wp-json\/wp\/v2\/pages\/2"}],"wp:attachment":[{"href":"https:\/\/www.ru-zurich.ch\/de\/wp-json\/wp\/v2\/media?parent=808"}],"curies":[{"name":"wp","href":"https:\/\/api.w.org\/{rel}","templated":true}]}}