{"id":1007,"date":"2020-01-05T17:44:24","date_gmt":"2020-01-05T16:44:24","guid":{"rendered":"https:\/\/new.ru-zurich.ch\/club\/verbandsmitgliedschaften\/"},"modified":"2025-04-25T17:50:18","modified_gmt":"2025-04-25T15:50:18","slug":"verbandsmitgliedschaften","status":"publish","type":"page","link":"https:\/\/www.ru-zurich.ch\/en\/club\/verbandsmitgliedschaften\/","title":{"rendered":"Associations"},"content":{"rendered":"<div id=\"fb-root\"><\/div>\n\n<h2 class=\"wp-block-heading blue\">Affiliations<\/h2>\n\n\n\n<p>Rugby Union Zurich is affiliated with the following associations and unions:<\/p>\n\n\n\n<ul class=\"wp-block-list\">\n<li><p><a aria-label=\" (\u00f6ffnet in neuem Tab)\" href=\"http:\/\/suisserugby.com\" target=\"_blank\" rel=\"noreferrer noopener\">Swiss Rugby Union<\/a> (SRU\/FSR)<\/p><\/li>\n\n\n\n<li><p><a aria-label=\"Nordschweizer Rugbyverband (\u00f6ffnet in neuem Tab)\" href=\"http:\/\/www.nsrv.ch\" target=\"_blank\" rel=\"noreferrer noopener\">North Switzerland Rugby Association<\/a> (NSRV, German-speaking part, Ticino as well as Fribourg, Jura and Neuch\u00e2tel)<\/p><\/li>\n\n\n\n<li><p><a aria-label=\" (\u00f6ffnet in neuem Tab)\" href=\"http:\/\/www.rugby-zh.ch\" target=\"_blank\" rel=\"noreferrer noopener\">Zurich Rugby Federation<\/a> (ZRV, Canton of Zurich)<\/p>\n<ul class=\"wp-block-list\">\n<li><p>Member of <a aria-label=\"Z\u00fcrcher Kantonalverband f\u00fcr Sport (ZKS) (\u00f6ffnet in neuem Tab)\" href=\"http:\/\/www.zks-zuerich.ch\" target=\"_blank\" rel=\"noreferrer noopener\">Zurich Cantonal Association for Sports (ZKS)<\/a><\/p><\/li>\n<\/ul>\n<\/li>\n\n\n\n<li><p><a aria-label=\"Interessensgemeinschaft American Football, Cheerleading &amp; Rugby Stadt Z\u00fcrich (\u00f6ffnet in neuem Tab)\" href=\"http:\/\/www.igacr.ch\" target=\"_blank\" rel=\"noreferrer noopener\">Interest Group American Football, Cheerleading &amp; Rugby City of Z\u00fcrich<\/a> (IG ACR)<\/p>\n<ul class=\"wp-block-list\">\n<li><p>Mitglied des <a aria-label=\"Z\u00fcrcher Stadtverband f\u00fcr Sport (ZSS) (\u00f6ffnet in neuem Tab)\" href=\"http:\/\/www.zss.ch\" target=\"_blank\" rel=\"noreferrer noopener\">Z\u00fcrcher Stadtverband f\u00fcr Sport (ZSS)<\/a> und des <a aria-label=\"Quartiervereins Wiedikon  (\u00f6ffnet in neuem Tab)\" href=\"https:\/\/www.quartierverein-wiedikon.ch\" target=\"_blank\" rel=\"noreferrer noopener\">Quartiervereins Wiedikon <\/a><\/p><\/li>\n<\/ul>\n<\/li>\n<\/ul>\n\n\n\n<p><\/p>\n","protected":false},"excerpt":{"rendered":"<p>Affiliations Rugby Union Zurich is affiliated with the following associations and unions:<\/p>\n","protected":false},"author":3,"featured_media":0,"parent":246,"menu_order":0,"comment_status":"closed","ping_status":"closed","template":"","meta":{"_acf_changed":false,"inline_featured_image":false,"footnotes":""},"class_list":["post-1007","page","type-page","status-publish","hentry"],"acf":[],"_links":{"self":[{"href":"https:\/\/www.ru-zurich.ch\/en\/wp-json\/wp\/v2\/pages\/1007","targetHints":{"allow":["GET"]}}],"collection":[{"href":"https:\/\/www.ru-zurich.ch\/en\/wp-json\/wp\/v2\/pages"}],"about":[{"href":"https:\/\/www.ru-zurich.ch\/en\/wp-json\/wp\/v2\/types\/page"}],"author":[{"embeddable":true,"href":"https:\/\/www.ru-zurich.ch\/en\/wp-json\/wp\/v2\/users\/3"}],"replies":[{"embeddable":true,"href":"https:\/\/www.ru-zurich.ch\/en\/wp-json\/wp\/v2\/comments?post=1007"}],"version-history":[{"count":3,"href":"https:\/\/www.ru-zurich.ch\/en\/wp-json\/wp\/v2\/pages\/1007\/revisions"}],"predecessor-version":[{"id":409881,"href":"https:\/\/www.ru-zurich.ch\/en\/wp-json\/wp\/v2\/pages\/1007\/revisions\/409881"}],"up":[{"embeddable":true,"href":"https:\/\/www.ru-zurich.ch\/en\/wp-json\/wp\/v2\/pages\/246"}],"wp:attachment":[{"href":"https:\/\/www.ru-zurich.ch\/en\/wp-json\/wp\/v2\/media?parent=1007"}],"curies":[{"name":"wp","href":"https:\/\/api.w.org\/{rel}","templated":true}]}}