{"id":1016,"date":"2020-01-06T08:35:31","date_gmt":"2020-01-06T07:35:31","guid":{"rendered":"https:\/\/new.ru-zurich.ch\/?page_id=1016"},"modified":"2020-03-22T23:44:38","modified_gmt":"2020-03-22T22:44:38","slug":"press","status":"publish","type":"page","link":"https:\/\/www.ru-zurich.ch\/en\/club\/press\/","title":{"rendered":"Press"},"content":{"rendered":"<div id=\"fb-root\"><\/div>\n\n<p>You can find all press articles about Rugby Union Zurich here:<\/p>\n\n\n\n<div class=\"wp-block-group\"><div class=\"wp-block-group__inner-container is-layout-flow wp-block-group-is-layout-flow\">\n<h4 class=\"blue wp-block-heading\">Quartierverein pr\u00e4sentiert Trendsportarten<\/h4>\n\n\n\n<p>November 2019<br><strong>Quartierverein Wiedikon<\/strong><br><a rel=\"noreferrer noopener\" aria-label=\"Zum Artikel (\u00f6ffnet in neuem Tab)\" href=\"https:\/\/www.quartierverein-wiedikon.ch\/aktuelles\/287.html\" target=\"_blank\">Open Article<\/a><\/p>\n<\/div><\/div>\n\n\n\n<div class=\"wp-block-group\"><div class=\"wp-block-group__inner-container is-layout-flow wp-block-group-is-layout-flow\">\n<h4 class=\"blue wp-block-heading\">Weltsportart fasst immer st\u00e4rker Fuss <\/h4>\n\n\n\n<p>October 2019<br><strong>LokalInfo, Lokalzeitungen &#8220;Z\u00fcrich 2&#8221;<\/strong>, <strong>&#8220;Z\u00fcrich West<\/strong>&#8220;<strong>, &#8220;Z\u00fcrich Nord&#8221; und &#8220;Z\u00fcriberg&#8221;<\/strong><\/p>\n\n\n\n<div class=\"wp-block-file\"><a href=\"\/wp-content\/uploads\/2020\/01\/RUZ_LokalInfo_20191031.pdf\">Article as PDF<\/a><a href=\"\/wp-content\/uploads\/2020\/01\/RUZ_LokalInfo_20191031.pdf\" class=\"wp-block-file__button\" download=\"\">Download<\/a><\/div>\n<\/div><\/div>\n\n\n\n<div class=\"wp-block-group\"><div class=\"wp-block-group__inner-container is-layout-flow wp-block-group-is-layout-flow\">\n<h4 class=\"blue wp-block-heading\">Wir Z\u00fcrcher &#8211; Interview mit Moritz Meier<\/h4>\n\n\n\n<p>August 2019<br><strong>Tagblatt der Stadt Z\u00fcrich<\/strong><\/p>\n\n\n\n<div class=\"wp-block-file\"><a href=\"\/wp-content\/uploads\/2020\/01\/RUZ_TagblattStadtZuerich_2019-08.pdf\">Article as PDF<\/a><a href=\"\/wp-content\/uploads\/2020\/01\/RUZ_TagblattStadtZuerich_2019-08.pdf\" class=\"wp-block-file__button\" download>Download<\/a><\/div>\n<\/div><\/div>\n\n\n\n<div class=\"wp-block-group\"><div class=\"wp-block-group__inner-container is-layout-flow wp-block-group-is-layout-flow\">\n<h4 class=\"blue wp-block-heading\">Kampf der Gentlemen<\/h4>\n\n\n\n<p>June 2017<br><strong>Z\u00fcriSport (Magazin des Z\u00fcrcher Stadtverbands f\u00fcr Sport)<\/strong><\/p>\n\n\n\n<div class=\"wp-block-file\"><a href=\"\/wp-content\/uploads\/2020\/01\/RUZ_Zuerisport_2_2017_Rugby.pdf\">Article as PDF<\/a><a href=\"\/wp-content\/uploads\/2020\/01\/RUZ_Zuerisport_2_2017_Rugby.pdf\" class=\"wp-block-file__button\" download>Download<\/a><\/div>\n<\/div><\/div>\n\n\n\n<div class=\"wp-block-group\"><div class=\"wp-block-group__inner-container is-layout-flow wp-block-group-is-layout-flow\">\n<h4 class=\"blue wp-block-heading\">Rugby \u2013 Der wahre Anti-&#8220;Pussy-Sport&#8221;<\/h4>\n\n\n\n<p>April 2016<br><strong>TeleZ\u00fcri<\/strong><br><a rel=\"noreferrer noopener\" aria-label=\"Zur Video-Reportage (\u00f6ffnet in neuem Tab)\" href=\"https:\/\/www.telezueri.ch\/zuerinews\/rugby-der-wahre-anti-pussy-sport-133465438\" target=\"_blank\">Open Video Report<\/a><\/p>\n<\/div><\/div>\n\n\n\n<div class=\"wp-block-group\"><div class=\"wp-block-group__inner-container is-layout-flow wp-block-group-is-layout-flow\">\n<h4 class=\"blue wp-block-heading\">Wo Fairness auf H\u00e4rte prallt<\/h4>\n\n\n\n<p>July 2016<br><strong>Neue Z\u00fcrcher Zeitung NZZ<\/strong><br><a rel=\"noreferrer noopener\" href=\"https:\/\/www.nzz.ch\/zuerich\/aktuell\/zuercher-rugby-szene-wo-fairness-auf-haerte-prallt-ld.106627\" target=\"_blank\">Open Article<\/a><\/p>\n<\/div><\/div>\n\n\n\n<div class=\"wp-block-group\"><div class=\"wp-block-group__inner-container is-layout-flow wp-block-group-is-layout-flow\">\n<h4 class=\"blue wp-block-heading\"><strong>\u00abKeiner kann ein Spiel allein gewinnen, aber allein verlieren\u00bb &#8211; Interview und Artikel<\/strong><\/h4>\n\n\n\n<p>Issue 1, 2014<br><strong>LEO-Magazin<\/strong><\/p>\n<\/div><\/div>\n\n\n\n<div class=\"wp-block-file\"><a href=\"\/wp-content\/uploads\/2020\/01\/RUZ_LEO-Magazin_2014.pdf\">Article as PDF<\/a><a href=\"\/wp-content\/uploads\/2020\/01\/RUZ_LEO-Magazin_2014.pdf\" class=\"wp-block-file__button\" download>Download<\/a><\/div>\n\n\n\n<div class=\"wp-block-group\"><div class=\"wp-block-group__inner-container is-layout-flow wp-block-group-is-layout-flow\">\n<h4 class=\"blue wp-block-heading\"><strong>Report about RUZ on Z\u00fcriPlus<\/strong> II (Aufstieg 2013)<\/h4>\n\n\n\n<p>Week 24, 2013<br><strong>TV station &#8220;Z\u00fcriPlus<\/strong>&#8220;<\/p>\n\n\n\n<figure class=\"wp-block-video\"><video controls poster=\"https:\/\/www.ru-zurich.ch\/wp-content\/uploads\/2020\/01\/2013_w24_rugby-mp4-1.jpeg\" src=\"https:\/\/www.ru-zurich.ch\/wp-content\/uploads\/2013_W24_Rugby.mp4\"><\/video><\/figure>\n<\/div><\/div>\n\n\n\n<div class=\"wp-block-group\"><div class=\"wp-block-group__inner-container is-layout-flow wp-block-group-is-layout-flow\">\n<h4 class=\"blue wp-block-heading\"><strong>Report about RUZ on Z\u00fcriPlus<\/strong> I (Training 2012)<\/h4>\n\n\n\n<p>Week 35, 2012<br><strong>TV-Sender Z\u00fcriPlus<\/strong><\/p>\n\n\n\n<figure class=\"wp-block-video\"><video controls poster=\"https:\/\/www.ru-zurich.ch\/wp-content\/uploads\/2020\/01\/2012_w35_rugby-convert-video-online-com_-mp4-1.jpeg\" src=\"https:\/\/www.ru-zurich.ch\/wp-content\/uploads\/2012_W35_Rugby.mp4\"><\/video><\/figure>\n<\/div><\/div>\n\n\n\n<div class=\"wp-block-group\"><div class=\"wp-block-group__inner-container is-layout-flow wp-block-group-is-layout-flow\">\n<h4 class=\"blue wp-block-heading\"><strong>Angelo und die starken M\u00e4nner &#8211; erfolgreich gestartet<\/strong><\/h4>\n\n\n\n<p>2011\/12<br><strong>LokalInfo, Lokalzeitung &#8220;Z\u00fcrich 2&#8221;<\/strong><\/p>\n<\/div><\/div>\n\n\n\n<div class=\"wp-block-group\"><div class=\"wp-block-group__inner-container is-layout-flow wp-block-group-is-layout-flow\">\n<h4 class=\"blue wp-block-heading\"><strong>Rugby spielen Gentlemen, keine Raufbolde<\/strong><\/h4>\n\n\n\n<p>2011\/12<br><strong>LokalInfo, Lokalzeitung &#8220;Z\u00fcrich 2&#8221;<\/strong><\/p>\n<\/div><\/div>\n\n\n\n<div class=\"wp-block-group\"><div class=\"wp-block-group__inner-container is-layout-flow wp-block-group-is-layout-flow\">\n<h4 class=\"blue wp-block-heading\"><strong>&#8220;Absolut friedlich&#8221; &#8211; Redaktorenkolumne<\/strong><\/h4>\n\n\n\n<p><strong>LokalInfo, Lokalzeitung &#8220;Z\u00fcrich 2&#8221;<\/strong><\/p>\n<\/div><\/div>\n","protected":false},"excerpt":{"rendered":"<p>You can find all press articles about Rugby Union Zurich here: Quartierverein pr\u00e4sentiert Trendsportarten November 2019Quartierverein WiedikonOpen Article Weltsportart fasst immer st\u00e4rker Fuss October 2019LokalInfo, Lokalzeitungen &#8220;Z\u00fcrich 2&#8221;, &#8220;Z\u00fcrich West&#8220;, &#8220;Z\u00fcrich Nord&#8221; und &#8220;Z\u00fcriberg&#8221; Article as PDFDownload Wir Z\u00fcrcher &#8211; Interview mit Moritz Meier August 2019Tagblatt der Stadt Z\u00fcrich Article as PDFDownload Kampf der Gentlemen [&hellip;]<\/p>\n","protected":false},"author":3,"featured_media":0,"parent":246,"menu_order":0,"comment_status":"closed","ping_status":"closed","template":"","meta":{"_acf_changed":false,"inline_featured_image":false,"footnotes":""},"class_list":["post-1016","page","type-page","status-publish","hentry"],"acf":[],"_links":{"self":[{"href":"https:\/\/www.ru-zurich.ch\/en\/wp-json\/wp\/v2\/pages\/1016","targetHints":{"allow":["GET"]}}],"collection":[{"href":"https:\/\/www.ru-zurich.ch\/en\/wp-json\/wp\/v2\/pages"}],"about":[{"href":"https:\/\/www.ru-zurich.ch\/en\/wp-json\/wp\/v2\/types\/page"}],"author":[{"embeddable":true,"href":"https:\/\/www.ru-zurich.ch\/en\/wp-json\/wp\/v2\/users\/3"}],"replies":[{"embeddable":true,"href":"https:\/\/www.ru-zurich.ch\/en\/wp-json\/wp\/v2\/comments?post=1016"}],"version-history":[{"count":2,"href":"https:\/\/www.ru-zurich.ch\/en\/wp-json\/wp\/v2\/pages\/1016\/revisions"}],"predecessor-version":[{"id":2082,"href":"https:\/\/www.ru-zurich.ch\/en\/wp-json\/wp\/v2\/pages\/1016\/revisions\/2082"}],"up":[{"embeddable":true,"href":"https:\/\/www.ru-zurich.ch\/en\/wp-json\/wp\/v2\/pages\/246"}],"wp:attachment":[{"href":"https:\/\/www.ru-zurich.ch\/en\/wp-json\/wp\/v2\/media?parent=1016"}],"curies":[{"name":"wp","href":"https:\/\/api.w.org\/{rel}","templated":true}]}}